{"id":29,"date":"2023-09-07T16:12:41","date_gmt":"2023-09-07T16:12:41","guid":{"rendered":"https:\/\/uintivakka.fi\/?page_id=29"},"modified":"2023-09-12T16:24:58","modified_gmt":"2023-09-12T16:24:58","slug":"uinti-vakka","status":"publish","type":"page","link":"https:\/\/uintivakka.fi\/","title":{"rendered":"Uinti-Vakka ry"},"content":{"rendered":"\n<p class=\"has-palette-color-4-color has-palette-color-6-background-color has-text-color has-background\">Uinti-Vakka ry on uusikaupunkilainen uimaseura, joka toiminut jo vuodesta 1992.<br>Yhdistyksemme tarkoituksena on edist\u00e4\u00e4 uintiurheilua ja levitt\u00e4\u00e4 uintiurheilun harrastusta, kohottaa<br>j\u00e4senten fyysist\u00e4 kuntoa ja terveytt\u00e4 sek\u00e4 her\u00e4tt\u00e4\u00e4 heiss\u00e4 oikeaa urheiluhenke\u00e4 ja pysyv\u00e4\u00e4 harrastusta<br>uintiurheiluun. Toimintamme on tasa-arvoista ja yhdenvertaista ja seurassamme korostuu positiivinen ja<br>avoin ilmapiiri. J\u00e4rjest\u00e4mme tavoitteellisen kilpauintiharjoittelun lis\u00e4ksi erilaisia vesipeuhula,<br>uintitekniikka ym. kursseja.<\/p>\n","protected":false},"excerpt":{"rendered":"<p>Uinti-Vakka ry on uusikaupunkilainen uimaseura, joka toiminut jo vuodesta 1992.Yhdistyksemme tarkoituksena on edist\u00e4\u00e4 uintiurheilua ja levitt\u00e4\u00e4 uintiurheilun harrastusta, kohottaaj\u00e4senten fyysist\u00e4 kuntoa ja terveytt\u00e4 sek\u00e4 her\u00e4tt\u00e4\u00e4 heiss\u00e4 oikeaa urheiluhenke\u00e4 ja pysyv\u00e4\u00e4 harrastustauintiurheiluun. Toimintamme on tasa-arvoista ja yhdenvertaista ja seurassamme korostuu positiivinen jaavoin ilmapiiri. J\u00e4rjest\u00e4mme tavoitteellisen kilpauintiharjoittelun lis\u00e4ksi erilaisia vesipeuhula,uintitekniikka ym. kursseja.<\/p>\n","protected":false},"author":1,"featured_media":0,"parent":0,"menu_order":0,"comment_status":"closed","ping_status":"closed","template":"","meta":{"footnotes":""},"class_list":["post-29","page","type-page","status-publish","hentry"],"blocksy_meta":"","_links":{"self":[{"href":"https:\/\/uintivakka.fi\/index.php?rest_route=\/wp\/v2\/pages\/29","targetHints":{"allow":["GET"]}}],"collection":[{"href":"https:\/\/uintivakka.fi\/index.php?rest_route=\/wp\/v2\/pages"}],"about":[{"href":"https:\/\/uintivakka.fi\/index.php?rest_route=\/wp\/v2\/types\/page"}],"author":[{"embeddable":true,"href":"https:\/\/uintivakka.fi\/index.php?rest_route=\/wp\/v2\/users\/1"}],"replies":[{"embeddable":true,"href":"https:\/\/uintivakka.fi\/index.php?rest_route=%2Fwp%2Fv2%2Fcomments&post=29"}],"version-history":[{"count":2,"href":"https:\/\/uintivakka.fi\/index.php?rest_route=\/wp\/v2\/pages\/29\/revisions"}],"predecessor-version":[{"id":47,"href":"https:\/\/uintivakka.fi\/index.php?rest_route=\/wp\/v2\/pages\/29\/revisions\/47"}],"wp:attachment":[{"href":"https:\/\/uintivakka.fi\/index.php?rest_route=%2Fwp%2Fv2%2Fmedia&parent=29"}],"curies":[{"name":"wp","href":"https:\/\/api.w.org\/{rel}","templated":true}]}}