{"id":48,"date":"2023-09-12T16:25:45","date_gmt":"2023-09-12T16:25:45","guid":{"rendered":"https:\/\/uintivakka.fi\/?page_id=48"},"modified":"2025-02-05T08:30:54","modified_gmt":"2025-02-05T08:30:54","slug":"seura","status":"publish","type":"page","link":"https:\/\/uintivakka.fi\/?page_id=48","title":{"rendered":"Seura"},"content":{"rendered":"\n<p class=\"has-palette-color-4-color has-palette-color-7-background-color has-text-color has-background\">Uinti-Vakka on vuonna 1992 perustettu pieni uusikaupunkilainen uimaseura. Uimareita seurassa on t\u00e4ll\u00e4 hetkell\u00e4 noin 15 uimaria, joista puolet kilpailee. Uimarit harjoittelevat Monitoimijatalo Wintteriss\u00e4 Uudessakaupungissa 1 &#8211; 5 kertaa viikossa.<\/p>\n\n\n\n<p class=\"has-palette-color-4-color has-palette-color-7-background-color has-text-color has-background\"><strong><a href=\"https:\/\/uintivakka.fi\/?page_id=163\" data-type=\"link\" data-id=\"https:\/\/uintivakka.fi\/?page_id=163\">Yhdistyksen s\u00e4\u00e4nn\u00f6t<\/a><\/strong><\/p>\n\n\n\n<p class=\"has-palette-color-4-color has-palette-color-7-background-color has-text-color has-background\"><a href=\"http:\/\/uintivakka.fi\/?page_id=177\" data-type=\"link\" data-id=\"uintivakka.fi\/?page_id=177\"><strong>P\u00e4ihdepelis\u00e4\u00e4nn\u00f6t<\/strong><\/a><\/p>\n","protected":false},"excerpt":{"rendered":"<p>Uinti-Vakka on vuonna 1992 perustettu pieni uusikaupunkilainen uimaseura. Uimareita seurassa on t\u00e4ll\u00e4 hetkell\u00e4 noin 15 uimaria, joista puolet kilpailee. Uimarit harjoittelevat Monitoimijatalo Wintteriss\u00e4 Uudessakaupungissa 1 &#8211; 5 kertaa viikossa. Yhdistyksen s\u00e4\u00e4nn\u00f6t P\u00e4ihdepelis\u00e4\u00e4nn\u00f6t<\/p>\n","protected":false},"author":1,"featured_media":0,"parent":0,"menu_order":2,"comment_status":"closed","ping_status":"closed","template":"","meta":{"footnotes":""},"class_list":["post-48","page","type-page","status-publish","hentry"],"blocksy_meta":"","_links":{"self":[{"href":"https:\/\/uintivakka.fi\/index.php?rest_route=\/wp\/v2\/pages\/48","targetHints":{"allow":["GET"]}}],"collection":[{"href":"https:\/\/uintivakka.fi\/index.php?rest_route=\/wp\/v2\/pages"}],"about":[{"href":"https:\/\/uintivakka.fi\/index.php?rest_route=\/wp\/v2\/types\/page"}],"author":[{"embeddable":true,"href":"https:\/\/uintivakka.fi\/index.php?rest_route=\/wp\/v2\/users\/1"}],"replies":[{"embeddable":true,"href":"https:\/\/uintivakka.fi\/index.php?rest_route=%2Fwp%2Fv2%2Fcomments&post=48"}],"version-history":[{"count":26,"href":"https:\/\/uintivakka.fi\/index.php?rest_route=\/wp\/v2\/pages\/48\/revisions"}],"predecessor-version":[{"id":286,"href":"https:\/\/uintivakka.fi\/index.php?rest_route=\/wp\/v2\/pages\/48\/revisions\/286"}],"wp:attachment":[{"href":"https:\/\/uintivakka.fi\/index.php?rest_route=%2Fwp%2Fv2%2Fmedia&parent=48"}],"curies":[{"name":"wp","href":"https:\/\/api.w.org\/{rel}","templated":true}]}}